{"id":165,"date":"2019-04-29T23:07:10","date_gmt":"2019-04-29T21:07:10","guid":{"rendered":"https:\/\/divinename.no\/v2\/?page_id=165"},"modified":"2019-04-29T23:07:45","modified_gmt":"2019-04-29T21:07:45","slug":"bor-man-bruke-guds-navn","status":"publish","type":"page","link":"https:\/\/divinename.no\/?page_id=165&lang=nb","title":{"rendered":"B\u00f8r vi bruke Guds navn?"},"content":{"rendered":"\n<p>I lang tid brukte j\u00f8dene navnet flittig. F.eks. i beretningen om Rut sies det at Boas hilset p\u00e5 arbeiderne ved \u00e5 si \u00abJehova v\u00e6re med dere!\u00bb. De svarte tilbake: \u00abJehova velsigne deg!\u00bb&raquo; (Rut 2:4) Den j\u00f8diske Talmud sier &laquo;Det ble bestemt at et menneske skulle hilse sine venner ved \u00e5 nevne Navnet.&raquo; (Berakhot 9:5)<\/p>\n\n\n\n<p>Men etter hvert sluttet j\u00f8dene \u00e5 bruke Guds navn. If\u00f8lge Easton&#8217;s Bible Encyclopedia var det p\u00e5 grunn av en feiltolkning av 3. Mosebok 24:16: &laquo;Og den som spotter Herrens navn, skal d\u00f8&raquo;. Kanskje de gjorde det for \u00e5 unng\u00e5 at ikke-j\u00f8der skulle f\u00e5 kjennskap til det og misbruke det, eller det kan v\u00e6re at overtro fikk de til \u00e5 mene at navnet var for hellig til \u00e5 skulle bli uttalt.<\/p>\n\n\n\n<p>J\u00f8dene hadde tydeligvis glemt hva Gud hadde sagt til Moses: &laquo;Du skal si til israelittene: Jehova, fedrenes Gud, Abrahams Gud, Isaks Gud og Jakobs Gud, har sendt meg til dere. Dette skal v\u00e6re mitt navn til evig tid, og det skal de kalle meg fra slekt til slekt.&raquo; (2. Mos. 3:15)<\/p>\n\n\n\n<p>Mika 4:5 viser at de som f\u00f8lger Bibelens Gud vil ta vare p\u00e5 hans navn: &laquo;For alle menneskene vandrer i sin guds navn; og vi vil vandre i Jehova v\u00e5r Guds navn, for alltid.&raquo; (American Standard Version)<\/p>\n\n\n\n<p>P\u00e5 motsatt side, kjennetegnes de som motarbeider Bibelens Gud med at de nekter \u00e5 bruke hans navn. Vi ser tydelig kontrasten i Jesu samtale med Satan slik den er beskrevet i Matteus 4:1-11. Satan brukte konsekvent tittelen &laquo;Gud&raquo;, og siterte et skriftsted som ikke inneholdt Guds navn. Jesus svarte hver eneste gang med \u00e5 sitere et skriftsted som inneholdt Guds navn.<\/p>\n\n\n\n<p>Det er jo slik det vanligvis er &#8211; man \u00f8nsker gjerne \u00e5 bruke navnet til en person som betyr mye for en, fordi det er av stor verdi; hvis det derimot er en person som man hater, s\u00e5 vil man f\u00f8le forakt bare \u00e5 nevne navnet hans.<\/p>\n\n\n\n<p>Bibelen viser at Satan trolig pr\u00f8ver \u00e5 f\u00e5 folk til \u00e5 glemme Guds navn, ved \u00e5 f\u00e5 folk til \u00e5 tilbe alle andre guder. Han \u00f8nsket at dette ogs\u00e5 skulle skje med israelittene, en situasjon som Jeremia 23:27 beskriver: &laquo;Med dr\u00f8mmene som de forteller hverandre, tenker de \u00e5 f\u00e5 mitt folk til \u00e5 glemme meg, likesom fedrene deres glemte mitt <em>navn<\/em>&nbsp;og dyrket Ba\u2019al.&raquo;<\/p>\n\n\n\n<p>Det er ingen grunn til \u00e5 la v\u00e6re \u00e5 bruke navnet fordi man ikke f\u00f8ler seg sikker p\u00e5 hvordan man skal uttale det. Folk flest har ikke noe problem med \u00e5 bruke navnet Jesus, til tross for at dette ikke er den korrekte uttalen. Navnet hans ble sannsynligvis uttalt <em>Jeshua&#8217;<\/em>,&nbsp;<em>Joshua&#8217;<\/em>&nbsp;eller&nbsp;<em>Jehoshua&#8217;<\/em>.<\/p>\n\n\n\n<p>Bibelen sier at det \u00e5 bruke Guds navn er n\u00f8dvendig for bli godkjent av Gud: &laquo;Men hver den som p\u00e5kaller Herrens navn, han skal bli frelst.&raquo; (Joel 3:5. Noen oversettelser: 2:32)<\/p>\n","protected":false},"excerpt":{"rendered":"<p>I lang tid brukte j\u00f8dene navnet flittig. F.eks. i beretningen om Rut sies det at Boas hilset p\u00e5 arbeiderne ved \u00e5 si \u00abJehova v\u00e6re med dere!\u00bb.&#46;&#46;&#46;<\/p>\n","protected":false},"author":2,"featured_media":0,"parent":0,"menu_order":0,"comment_status":"closed","ping_status":"closed","template":"","meta":{"footnotes":""},"class_list":["post-165","page","type-page","status-publish","hentry"],"_links":{"self":[{"href":"https:\/\/divinename.no\/index.php?rest_route=\/wp\/v2\/pages\/165","targetHints":{"allow":["GET"]}}],"collection":[{"href":"https:\/\/divinename.no\/index.php?rest_route=\/wp\/v2\/pages"}],"about":[{"href":"https:\/\/divinename.no\/index.php?rest_route=\/wp\/v2\/types\/page"}],"author":[{"embeddable":true,"href":"https:\/\/divinename.no\/index.php?rest_route=\/wp\/v2\/users\/2"}],"replies":[{"embeddable":true,"href":"https:\/\/divinename.no\/index.php?rest_route=%2Fwp%2Fv2%2Fcomments&post=165"}],"version-history":[{"count":0,"href":"https:\/\/divinename.no\/index.php?rest_route=\/wp\/v2\/pages\/165\/revisions"}],"wp:attachment":[{"href":"https:\/\/divinename.no\/index.php?rest_route=%2Fwp%2Fv2%2Fmedia&parent=165"}],"curies":[{"name":"wp","href":"https:\/\/api.w.org\/{rel}","templated":true}]}}